{"id":556,"date":"2024-03-15T09:25:21","date_gmt":"2024-03-15T06:25:21","guid":{"rendered":"https:\/\/www.canlarmekatronik.com.tr\/en\/?page_id=556"},"modified":"2024-03-15T09:28:46","modified_gmt":"2024-03-15T06:28:46","slug":"privacy-notice","status":"publish","type":"page","link":"https:\/\/www.canlarmekatronik.com.tr\/en\/privacy-notice\/","title":{"rendered":"Privacy Notice"},"content":{"rendered":"\n<p>CANLAR MEKATRON\u0130K SANAY\u0130 VE T\u0130CARET ANON\u0130M \u015e\u0130RKET\u0130 PRIVACY NOTICE ON THE PROCESSING AND THE PROTECTION OF VISITORS&#8217; PERSONAL<br>Pursuant to the Law on the Protection of Personal Data Numbered 6698 (&#8220;the Law&#8221;), your personal data Shall processed by Canlar Mekatronik Sanayi ve Ticaret Anonim \u015eirketi (&#8220;Canlar Mekatronik&#8221; or &#8220;Company&#8221;) as data controller within the scope specified below.<br>You may reach detailed information regarding the purposes of the processing of your personal data by the Company from the Canlar Mekatronik Personal Data Protection and Processing Policy available on www.canlarmekatronik.com.tr\/en\/gdpr\/<\/p>\n\n\n\n<p><strong>The Purposes for the Processing of Your Personal Data<\/strong><br>Your personal data will be processed towards the aim of providing the safety of our and facilities with the purpose of ensuring the legal, technical and commercial business safety of the Company and the relevant persons in professional relationships with the Company within the personal data processing conditions and purposes indicated in Article 5 and Article 6 of the Law.<\/p>\n\n\n\n<p><strong>The Recipients and the Purposes of the Transfer of Your Processed Personal Data<\/strong><br>Your personal data that is collected; may be transferred to our vendors and statutory authorities and legally authorized private persons within the frame of the personal data processing conditions and purposes indicated in Article 8 and Article 9 of the Law limited to the abovementioned purpose.<\/p>\n\n\n\n<p><strong>The Method and Legal Reason of the Collection of Your Personal Data<\/strong><br>Your Personal data is collected via physical methods by our Company in the course of your visit to our building and facilities in line with the legal reason regarding our Company&#8217;s legitimate interest, resting upon the personel data processing conditions indicated \u0130n Article 5 and Anide 6 of the Law.<\/p>\n\n\n\n<p><strong>Rights of the Data Subject Indicated in Article 11 of the Law<\/strong><br>We inform you that as the data subject you have the following rights pursuant to Article 11 of the Law:<br><\/p>\n\n\n\n<ul class=\"wp-block-list\">\n<li>To learn whether your personal data is processed,<\/li>\n\n\n\n<li>If your personel data has been processed, to request related information,<\/li>\n\n\n\n<li>To learn the purpses of the personal data processing activities concerning your personal data and whether they have been used accordingly,<\/li>\n\n\n\n<li>To learn which third parties domestic abroad your personal data has been transferred to,<\/li>\n\n\n\n<li>To demand correction in case Your personal data has been processed deficiently or in a wrong way and todemand operations in this regard be reported to third parties your personal data has been transferred to,<\/li>\n\n\n\n<li>To demand the erasure or annihilation of personal data in case reasons necessitating the processing even though it was processed accordance with the Law and other relevant provisions and todemand the operations in this regard be reported to third parties your personal data has been transferred to,<\/li>\n\n\n\n<li>To object in case outcomes to the detriment of yourself occur from the analysis of the personal data solely via automated systems,<\/li>\n\n\n\n<li>To demand indemnification in case you occurring fram the unlawful processing of your personal data. You can convey your applications, concerning your rights listed above, to cur Company via the Data Subject Application Form available on www.canlarmekatronik.com.tr\/en\/gdpr\/ Depending on<br>the nature of your requests, your applications will be concluded at the soonest time possible and at the latest within 30 days free of charge; however if the operation necessitates additional costs, a fee may be demanded according to the determined by the Board of Personal Data Protection.<\/li>\n<\/ul>\n","protected":false},"excerpt":{"rendered":"<p>CANLAR MEKATRON\u0130K SANAY\u0130 VE T\u0130CARET ANON\u0130M \u015e\u0130RKET\u0130 PRIVACY NOTICE ON THE PROCESSING AND THE PROTECTION OF VISITORS&#8217; PERSONALPursuant to the Law on the Protection of Personal Data Numbered 6698 (&#8220;the Law&#8221;), your personal data Shall processed by Canlar Mekatronik Sanayi ve Ticaret Anonim \u015eirketi (&#8220;Canlar Mekatronik&#8221; or &#8220;Company&#8221;) as data controller within the scope specified [&hellip;]<\/p>\n","protected":false},"author":1,"featured_media":0,"parent":0,"menu_order":0,"comment_status":"closed","ping_status":"closed","template":"page-nobanner.php","meta":{"footnotes":""},"class_list":["post-556","page","type-page","status-publish","hentry"],"yoast_head":"<!-- This site is optimized with the Yoast SEO plugin v27.1.1 - https:\/\/yoast.com\/product\/yoast-seo-wordpress\/ -->\n<title>Privacy Notice - Canlar Mekatronik<\/title>\n<meta name=\"robots\" content=\"index, follow, max-snippet:-1, max-image-preview:large, max-video-preview:-1\" \/>\n<link rel=\"canonical\" href=\"https:\/\/www.canlarmekatronik.com.tr\/en\/privacy-notice\/\" \/>\n<meta property=\"og:locale\" content=\"en_US\" \/>\n<meta property=\"og:type\" content=\"article\" \/>\n<meta property=\"og:title\" content=\"Privacy Notice - Canlar Mekatronik\" \/>\n<meta property=\"og:description\" content=\"CANLAR MEKATRON\u0130K SANAY\u0130 VE T\u0130CARET ANON\u0130M \u015e\u0130RKET\u0130 PRIVACY NOTICE ON THE PROCESSING AND THE PROTECTION OF VISITORS&#8217; PERSONALPursuant to the Law on the Protection of Personal Data Numbered 6698 (&#8220;the Law&#8221;), your personal data Shall processed by Canlar Mekatronik Sanayi ve Ticaret Anonim \u015eirketi (&#8220;Canlar Mekatronik&#8221; or &#8220;Company&#8221;) as data controller within the scope specified [&hellip;]\" \/>\n<meta property=\"og:url\" content=\"https:\/\/www.canlarmekatronik.com.tr\/en\/privacy-notice\/\" \/>\n<meta property=\"og:site_name\" content=\"Canlar Mekatronik\" \/>\n<meta property=\"article:modified_time\" content=\"2024-03-15T06:28:46+00:00\" \/>\n<meta name=\"twitter:card\" content=\"summary_large_image\" \/>\n<meta name=\"twitter:label1\" content=\"Est. reading time\" \/>\n\t<meta name=\"twitter:data1\" content=\"3 minutes\" \/>\n<script type=\"application\/ld+json\" class=\"yoast-schema-graph\">{\"@context\":\"https:\/\/schema.org\",\"@graph\":[{\"@type\":\"WebPage\",\"@id\":\"https:\/\/www.canlarmekatronik.com.tr\/en\/privacy-notice\/\",\"url\":\"https:\/\/www.canlarmekatronik.com.tr\/en\/privacy-notice\/\",\"name\":\"Privacy Notice - Canlar Mekatronik\",\"isPartOf\":{\"@id\":\"https:\/\/www.canlarmekatronik.com.tr\/en\/#website\"},\"datePublished\":\"2024-03-15T06:25:21+00:00\",\"dateModified\":\"2024-03-15T06:28:46+00:00\",\"breadcrumb\":{\"@id\":\"https:\/\/www.canlarmekatronik.com.tr\/en\/privacy-notice\/#breadcrumb\"},\"inLanguage\":\"en-US\",\"potentialAction\":[{\"@type\":\"ReadAction\",\"target\":[\"https:\/\/www.canlarmekatronik.com.tr\/en\/privacy-notice\/\"]}]},{\"@type\":\"BreadcrumbList\",\"@id\":\"https:\/\/www.canlarmekatronik.com.tr\/en\/privacy-notice\/#breadcrumb\",\"itemListElement\":[{\"@type\":\"ListItem\",\"position\":1,\"name\":\"Anasayfa\",\"item\":\"https:\/\/www.canlarmekatronik.com.tr\/en\/\"},{\"@type\":\"ListItem\",\"position\":2,\"name\":\"Privacy Notice\"}]},{\"@type\":\"WebSite\",\"@id\":\"https:\/\/www.canlarmekatronik.com.tr\/en\/#website\",\"url\":\"https:\/\/www.canlarmekatronik.com.tr\/en\/\",\"name\":\"Canlar Mekatronik\",\"description\":\"\",\"potentialAction\":[{\"@type\":\"SearchAction\",\"target\":{\"@type\":\"EntryPoint\",\"urlTemplate\":\"https:\/\/www.canlarmekatronik.com.tr\/en\/?s={search_term_string}\"},\"query-input\":{\"@type\":\"PropertyValueSpecification\",\"valueRequired\":true,\"valueName\":\"search_term_string\"}}],\"inLanguage\":\"en-US\"}]}<\/script>\n<!-- \/ Yoast SEO plugin. -->","yoast_head_json":{"title":"Privacy Notice - Canlar Mekatronik","robots":{"index":"index","follow":"follow","max-snippet":"max-snippet:-1","max-image-preview":"max-image-preview:large","max-video-preview":"max-video-preview:-1"},"canonical":"https:\/\/www.canlarmekatronik.com.tr\/en\/privacy-notice\/","og_locale":"en_US","og_type":"article","og_title":"Privacy Notice - Canlar Mekatronik","og_description":"CANLAR MEKATRON\u0130K SANAY\u0130 VE T\u0130CARET ANON\u0130M \u015e\u0130RKET\u0130 PRIVACY NOTICE ON THE PROCESSING AND THE PROTECTION OF VISITORS&#8217; PERSONALPursuant to the Law on the Protection of Personal Data Numbered 6698 (&#8220;the Law&#8221;), your personal data Shall processed by Canlar Mekatronik Sanayi ve Ticaret Anonim \u015eirketi (&#8220;Canlar Mekatronik&#8221; or &#8220;Company&#8221;) as data controller within the scope specified [&hellip;]","og_url":"https:\/\/www.canlarmekatronik.com.tr\/en\/privacy-notice\/","og_site_name":"Canlar Mekatronik","article_modified_time":"2024-03-15T06:28:46+00:00","twitter_card":"summary_large_image","twitter_misc":{"Est. reading time":"3 minutes"},"schema":{"@context":"https:\/\/schema.org","@graph":[{"@type":"WebPage","@id":"https:\/\/www.canlarmekatronik.com.tr\/en\/privacy-notice\/","url":"https:\/\/www.canlarmekatronik.com.tr\/en\/privacy-notice\/","name":"Privacy Notice - Canlar Mekatronik","isPartOf":{"@id":"https:\/\/www.canlarmekatronik.com.tr\/en\/#website"},"datePublished":"2024-03-15T06:25:21+00:00","dateModified":"2024-03-15T06:28:46+00:00","breadcrumb":{"@id":"https:\/\/www.canlarmekatronik.com.tr\/en\/privacy-notice\/#breadcrumb"},"inLanguage":"en-US","potentialAction":[{"@type":"ReadAction","target":["https:\/\/www.canlarmekatronik.com.tr\/en\/privacy-notice\/"]}]},{"@type":"BreadcrumbList","@id":"https:\/\/www.canlarmekatronik.com.tr\/en\/privacy-notice\/#breadcrumb","itemListElement":[{"@type":"ListItem","position":1,"name":"Anasayfa","item":"https:\/\/www.canlarmekatronik.com.tr\/en\/"},{"@type":"ListItem","position":2,"name":"Privacy Notice"}]},{"@type":"WebSite","@id":"https:\/\/www.canlarmekatronik.com.tr\/en\/#website","url":"https:\/\/www.canlarmekatronik.com.tr\/en\/","name":"Canlar Mekatronik","description":"","potentialAction":[{"@type":"SearchAction","target":{"@type":"EntryPoint","urlTemplate":"https:\/\/www.canlarmekatronik.com.tr\/en\/?s={search_term_string}"},"query-input":{"@type":"PropertyValueSpecification","valueRequired":true,"valueName":"search_term_string"}}],"inLanguage":"en-US"}]}},"_links":{"self":[{"href":"https:\/\/www.canlarmekatronik.com.tr\/en\/wp-json\/wp\/v2\/pages\/556","targetHints":{"allow":["GET"]}}],"collection":[{"href":"https:\/\/www.canlarmekatronik.com.tr\/en\/wp-json\/wp\/v2\/pages"}],"about":[{"href":"https:\/\/www.canlarmekatronik.com.tr\/en\/wp-json\/wp\/v2\/types\/page"}],"author":[{"embeddable":true,"href":"https:\/\/www.canlarmekatronik.com.tr\/en\/wp-json\/wp\/v2\/users\/1"}],"replies":[{"embeddable":true,"href":"https:\/\/www.canlarmekatronik.com.tr\/en\/wp-json\/wp\/v2\/comments?post=556"}],"version-history":[{"count":6,"href":"https:\/\/www.canlarmekatronik.com.tr\/en\/wp-json\/wp\/v2\/pages\/556\/revisions"}],"predecessor-version":[{"id":562,"href":"https:\/\/www.canlarmekatronik.com.tr\/en\/wp-json\/wp\/v2\/pages\/556\/revisions\/562"}],"wp:attachment":[{"href":"https:\/\/www.canlarmekatronik.com.tr\/en\/wp-json\/wp\/v2\/media?parent=556"}],"curies":[{"name":"wp","href":"https:\/\/api.w.org\/{rel}","templated":true}]}}